{"id":41,"date":"2022-11-23T14:54:11","date_gmt":"2022-11-23T14:54:11","guid":{"rendered":"https:\/\/royalgolftunisia.com\/?post_type=product&#038;p=41"},"modified":"2023-12-20T11:42:25","modified_gmt":"2023-12-20T11:42:25","slug":"rory-4","status":"publish","type":"product","link":"https:\/\/royalgolftunisia.com\/en\/product\/rory-4\/","title":{"rendered":"KIT 1\/2 S\u00e9rie Junior Rory 4+"},"content":{"rendered":"","protected":false},"excerpt":{"rendered":"<p><span data-sheets-value=\"{&quot;1&quot;:2,&quot;2&quot;:&quot;La passion commence ici\\n\\&quot;\u00c0 5 ans, on m'a donn\u00e9 mon premier vrai set, et c'est l\u00e0 que ma passion pour le jeu a vraiment commenc\u00e9 \u00e0 d\u00e9coller.\\nMaintenant, je me suis associ\u00e9 \u00e0 TaylorMade pour cr\u00e9er le kit de d\u00e9marrage parfait pour les jeunes golfeurs en herbe, afin qu'ils puissent d\u00e9velopper leur passion d\u00e8s leur plus jeune \u00e2ge, tout comme moi !\\&quot;Rory Macllroy&quot;}\" data-sheets-userformat=\"{&quot;2&quot;:12673,&quot;3&quot;:{&quot;1&quot;:0,&quot;3&quot;:1},&quot;10&quot;:1,&quot;11&quot;:4,&quot;15&quot;:&quot;Arial&quot;,&quot;16&quot;:8}\">La passion commence ici<br \/>\n&#8220;\u00c0 5 ans, on m&#8217;a donn\u00e9 mon premier vrai set, et c&#8217;est l\u00e0 que ma passion pour le jeu a vraiment commenc\u00e9 \u00e0 d\u00e9coller.<br \/>\nMaintenant, je me suis associ\u00e9 \u00e0 TaylorMade pour cr\u00e9er le kit de d\u00e9marrage parfait pour les jeunes golfeurs en herbe, afin qu&#8217;ils puissent d\u00e9velopper leur passion d\u00e8s leur plus jeune \u00e2ge, tout comme moi !&#8221;Rory Macllroy<\/span><\/p>","protected":false},"featured_media":958,"comment_status":"open","ping_status":"closed","template":"","meta":{"_acf_changed":false,"_monsterinsights_skip_tracking":false,"_monsterinsights_sitenote_active":false,"_monsterinsights_sitenote_note":"","_monsterinsights_sitenote_category":0},"product_brand":[],"product_cat":[21],"product_tag":[],"class_list":{"0":"post-41","1":"product","2":"type-product","3":"status-publish","4":"has-post-thumbnail","6":"product_cat-kits-de-golf-junior","8":"first","9":"instock","10":"sale","11":"featured","12":"shipping-taxable","13":"purchasable","14":"product-type-simple"},"acf":[],"yoast_head":"<!-- This site is optimized with the Yoast SEO plugin v27.1.1 - https:\/\/yoast.com\/product\/yoast-seo-wordpress\/ -->\n<title>KIT 1\/2 S\u00e9rie Junior Rory 4+ - Royal Golf Tunisia<\/title>\n<meta name=\"description\" content=\"&quot;La passion commence ici !\u201eLa passion de Rory pour le golf a pris son envol apr\u00e8s avoir re\u00e7u son premier v\u00e9ritable ensemble de clubs \u00e0 l&#039;\u00e2ge de 5 ans. Il a maintenant fait \u00e9quipe avec TaylorMade pour cr\u00e9er le RORY Junior Golf Set, un ensemble complet de clubs con\u00e7us pour aider les jeunes golfeurs \u00e0 s&#039;int\u00e9grer et \u00e0 grandir leur passion depuis leur plus jeune \u00e2ge, tout comme Rory!\" \/>\n<meta name=\"robots\" content=\"index, follow, max-snippet:-1, max-image-preview:large, max-video-preview:-1\" \/>\n<link rel=\"canonical\" href=\"https:\/\/royalgolftunisia.com\/en\/product\/rory-4\/\" \/>\n<meta property=\"og:locale\" content=\"en_GB\" \/>\n<meta property=\"og:type\" content=\"article\" \/>\n<meta property=\"og:title\" content=\"KIT 1\/2 S\u00e9rie Junior Rory 4+ - Royal Golf Tunisia\" \/>\n<meta property=\"og:description\" content=\"&quot;La passion commence ici !\u201eLa passion de Rory pour le golf a pris son envol apr\u00e8s avoir re\u00e7u son premier v\u00e9ritable ensemble de clubs \u00e0 l&#039;\u00e2ge de 5 ans. Il a maintenant fait \u00e9quipe avec TaylorMade pour cr\u00e9er le RORY Junior Golf Set, un ensemble complet de clubs con\u00e7us pour aider les jeunes golfeurs \u00e0 s&#039;int\u00e9grer et \u00e0 grandir leur passion depuis leur plus jeune \u00e2ge, tout comme Rory!\" \/>\n<meta property=\"og:url\" content=\"https:\/\/royalgolftunisia.com\/en\/product\/rory-4\/\" \/>\n<meta property=\"og:site_name\" content=\"Royal Golf Tunisia\" \/>\n<meta property=\"article:modified_time\" content=\"2023-12-20T11:42:25+00:00\" \/>\n<meta property=\"og:image\" content=\"https:\/\/royalgolftunisia.com\/wp-content\/uploads\/2022\/11\/kit-taylormade-rory-8p-girl-1-z-zf.jpg\" \/>\n\t<meta property=\"og:image:width\" content=\"400\" \/>\n\t<meta property=\"og:image:height\" content=\"400\" \/>\n\t<meta property=\"og:image:type\" content=\"image\/jpeg\" \/>\n<meta name=\"twitter:card\" content=\"summary_large_image\" \/>\n<meta name=\"twitter:label1\" content=\"Estimated reading time\" \/>\n\t<meta name=\"twitter:data1\" content=\"1 minute\" \/>\n<script type=\"application\/ld+json\" class=\"yoast-schema-graph\">{\"@context\":\"https:\/\/schema.org\",\"@graph\":[{\"@type\":\"WebPage\",\"@id\":\"https:\/\/royalgolftunisia.com\/product\/rory-4\/\",\"url\":\"https:\/\/royalgolftunisia.com\/product\/rory-4\/\",\"name\":\"KIT 1\/2 S\u00e9rie Junior Rory 4+ - Royal Golf Tunisia\",\"isPartOf\":{\"@id\":\"https:\/\/royalgolftunisia.com\/#website\"},\"primaryImageOfPage\":{\"@id\":\"https:\/\/royalgolftunisia.com\/product\/rory-4\/#primaryimage\"},\"image\":{\"@id\":\"https:\/\/royalgolftunisia.com\/product\/rory-4\/#primaryimage\"},\"thumbnailUrl\":\"https:\/\/royalgolftunisia.com\/wp-content\/uploads\/2022\/11\/kit-taylormade-rory-8p-girl-1-z-zf.jpg\",\"datePublished\":\"2022-11-23T14:54:11+00:00\",\"dateModified\":\"2023-12-20T11:42:25+00:00\",\"description\":\"\\\"La passion commence ici !\u201eLa passion de Rory pour le golf a pris son envol apr\u00e8s avoir re\u00e7u son premier v\u00e9ritable ensemble de clubs \u00e0 l'\u00e2ge de 5 ans. Il a maintenant fait \u00e9quipe avec TaylorMade pour cr\u00e9er le RORY Junior Golf Set, un ensemble complet de clubs con\u00e7us pour aider les jeunes golfeurs \u00e0 s'int\u00e9grer et \u00e0 grandir leur passion depuis leur plus jeune \u00e2ge, tout comme Rory!\",\"breadcrumb\":{\"@id\":\"https:\/\/royalgolftunisia.com\/product\/rory-4\/#breadcrumb\"},\"inLanguage\":\"en-GB\",\"potentialAction\":[{\"@type\":\"ReadAction\",\"target\":[\"https:\/\/royalgolftunisia.com\/product\/rory-4\/\"]}]},{\"@type\":\"ImageObject\",\"inLanguage\":\"en-GB\",\"@id\":\"https:\/\/royalgolftunisia.com\/product\/rory-4\/#primaryimage\",\"url\":\"https:\/\/royalgolftunisia.com\/wp-content\/uploads\/2022\/11\/kit-taylormade-rory-8p-girl-1-z-zf.jpg\",\"contentUrl\":\"https:\/\/royalgolftunisia.com\/wp-content\/uploads\/2022\/11\/kit-taylormade-rory-8p-girl-1-z-zf.jpg\",\"width\":400,\"height\":400},{\"@type\":\"BreadcrumbList\",\"@id\":\"https:\/\/royalgolftunisia.com\/product\/rory-4\/#breadcrumb\",\"itemListElement\":[{\"@type\":\"ListItem\",\"position\":1,\"name\":\"Home\",\"item\":\"https:\/\/royalgolftunisia.com\/\"},{\"@type\":\"ListItem\",\"position\":2,\"name\":\"Boutique\",\"item\":\"https:\/\/royalgolftunisia.com\/shop\/\"},{\"@type\":\"ListItem\",\"position\":3,\"name\":\"KIT 1\/2 S\u00e9rie Junior Rory 4+\"}]},{\"@type\":\"WebSite\",\"@id\":\"https:\/\/royalgolftunisia.com\/#website\",\"url\":\"https:\/\/royalgolftunisia.com\/\",\"name\":\"Royal Golf Tunisia\",\"description\":\"Le seul rep\u00e9sentant Taylormade en Tunisie\",\"potentialAction\":[{\"@type\":\"SearchAction\",\"target\":{\"@type\":\"EntryPoint\",\"urlTemplate\":\"https:\/\/royalgolftunisia.com\/?s={search_term_string}\"},\"query-input\":{\"@type\":\"PropertyValueSpecification\",\"valueRequired\":true,\"valueName\":\"search_term_string\"}}],\"inLanguage\":\"en-GB\"}]}<\/script>\n<!-- \/ Yoast SEO plugin. -->","yoast_head_json":{"title":"KIT 1\/2 S\u00e9rie Junior Rory 4+ - Royal Golf Tunisia","description":"\"La passion commence ici !\u201eLa passion de Rory pour le golf a pris son envol apr\u00e8s avoir re\u00e7u son premier v\u00e9ritable ensemble de clubs \u00e0 l'\u00e2ge de 5 ans. Il a maintenant fait \u00e9quipe avec TaylorMade pour cr\u00e9er le RORY Junior Golf Set, un ensemble complet de clubs con\u00e7us pour aider les jeunes golfeurs \u00e0 s'int\u00e9grer et \u00e0 grandir leur passion depuis leur plus jeune \u00e2ge, tout comme Rory!","robots":{"index":"index","follow":"follow","max-snippet":"max-snippet:-1","max-image-preview":"max-image-preview:large","max-video-preview":"max-video-preview:-1"},"canonical":"https:\/\/royalgolftunisia.com\/en\/product\/rory-4\/","og_locale":"en_GB","og_type":"article","og_title":"KIT 1\/2 S\u00e9rie Junior Rory 4+ - Royal Golf Tunisia","og_description":"\"La passion commence ici !\u201eLa passion de Rory pour le golf a pris son envol apr\u00e8s avoir re\u00e7u son premier v\u00e9ritable ensemble de clubs \u00e0 l'\u00e2ge de 5 ans. Il a maintenant fait \u00e9quipe avec TaylorMade pour cr\u00e9er le RORY Junior Golf Set, un ensemble complet de clubs con\u00e7us pour aider les jeunes golfeurs \u00e0 s'int\u00e9grer et \u00e0 grandir leur passion depuis leur plus jeune \u00e2ge, tout comme Rory!","og_url":"https:\/\/royalgolftunisia.com\/en\/product\/rory-4\/","og_site_name":"Royal Golf Tunisia","article_modified_time":"2023-12-20T11:42:25+00:00","og_image":[{"width":400,"height":400,"url":"https:\/\/royalgolftunisia.com\/wp-content\/uploads\/2022\/11\/kit-taylormade-rory-8p-girl-1-z-zf.jpg","type":"image\/jpeg"}],"twitter_card":"summary_large_image","twitter_misc":{"Estimated reading time":"1 minute"},"schema":{"@context":"https:\/\/schema.org","@graph":[{"@type":"WebPage","@id":"https:\/\/royalgolftunisia.com\/product\/rory-4\/","url":"https:\/\/royalgolftunisia.com\/product\/rory-4\/","name":"KIT 1\/2 S\u00e9rie Junior Rory 4+ - Royal Golf Tunisia","isPartOf":{"@id":"https:\/\/royalgolftunisia.com\/#website"},"primaryImageOfPage":{"@id":"https:\/\/royalgolftunisia.com\/product\/rory-4\/#primaryimage"},"image":{"@id":"https:\/\/royalgolftunisia.com\/product\/rory-4\/#primaryimage"},"thumbnailUrl":"https:\/\/royalgolftunisia.com\/wp-content\/uploads\/2022\/11\/kit-taylormade-rory-8p-girl-1-z-zf.jpg","datePublished":"2022-11-23T14:54:11+00:00","dateModified":"2023-12-20T11:42:25+00:00","description":"\"La passion commence ici !\u201eLa passion de Rory pour le golf a pris son envol apr\u00e8s avoir re\u00e7u son premier v\u00e9ritable ensemble de clubs \u00e0 l'\u00e2ge de 5 ans. Il a maintenant fait \u00e9quipe avec TaylorMade pour cr\u00e9er le RORY Junior Golf Set, un ensemble complet de clubs con\u00e7us pour aider les jeunes golfeurs \u00e0 s'int\u00e9grer et \u00e0 grandir leur passion depuis leur plus jeune \u00e2ge, tout comme Rory!","breadcrumb":{"@id":"https:\/\/royalgolftunisia.com\/product\/rory-4\/#breadcrumb"},"inLanguage":"en-GB","potentialAction":[{"@type":"ReadAction","target":["https:\/\/royalgolftunisia.com\/product\/rory-4\/"]}]},{"@type":"ImageObject","inLanguage":"en-GB","@id":"https:\/\/royalgolftunisia.com\/product\/rory-4\/#primaryimage","url":"https:\/\/royalgolftunisia.com\/wp-content\/uploads\/2022\/11\/kit-taylormade-rory-8p-girl-1-z-zf.jpg","contentUrl":"https:\/\/royalgolftunisia.com\/wp-content\/uploads\/2022\/11\/kit-taylormade-rory-8p-girl-1-z-zf.jpg","width":400,"height":400},{"@type":"BreadcrumbList","@id":"https:\/\/royalgolftunisia.com\/product\/rory-4\/#breadcrumb","itemListElement":[{"@type":"ListItem","position":1,"name":"Home","item":"https:\/\/royalgolftunisia.com\/"},{"@type":"ListItem","position":2,"name":"Boutique","item":"https:\/\/royalgolftunisia.com\/shop\/"},{"@type":"ListItem","position":3,"name":"KIT 1\/2 S\u00e9rie Junior Rory 4+"}]},{"@type":"WebSite","@id":"https:\/\/royalgolftunisia.com\/#website","url":"https:\/\/royalgolftunisia.com\/","name":"Royal Golf Tunisia","description":"Le seul rep\u00e9sentant Taylormade en Tunisie","potentialAction":[{"@type":"SearchAction","target":{"@type":"EntryPoint","urlTemplate":"https:\/\/royalgolftunisia.com\/?s={search_term_string}"},"query-input":{"@type":"PropertyValueSpecification","valueRequired":true,"valueName":"search_term_string"}}],"inLanguage":"en-GB"}]}},"_links":{"self":[{"href":"https:\/\/royalgolftunisia.com\/en\/wp-json\/wp\/v2\/product\/41","targetHints":{"allow":["GET"]}}],"collection":[{"href":"https:\/\/royalgolftunisia.com\/en\/wp-json\/wp\/v2\/product"}],"about":[{"href":"https:\/\/royalgolftunisia.com\/en\/wp-json\/wp\/v2\/types\/product"}],"replies":[{"embeddable":true,"href":"https:\/\/royalgolftunisia.com\/en\/wp-json\/wp\/v2\/comments?post=41"}],"wp:featuredmedia":[{"embeddable":true,"href":"https:\/\/royalgolftunisia.com\/en\/wp-json\/wp\/v2\/media\/958"}],"wp:attachment":[{"href":"https:\/\/royalgolftunisia.com\/en\/wp-json\/wp\/v2\/media?parent=41"}],"wp:term":[{"taxonomy":"product_brand","embeddable":true,"href":"https:\/\/royalgolftunisia.com\/en\/wp-json\/wp\/v2\/product_brand?post=41"},{"taxonomy":"product_cat","embeddable":true,"href":"https:\/\/royalgolftunisia.com\/en\/wp-json\/wp\/v2\/product_cat?post=41"},{"taxonomy":"product_tag","embeddable":true,"href":"https:\/\/royalgolftunisia.com\/en\/wp-json\/wp\/v2\/product_tag?post=41"}],"curies":[{"name":"wp","href":"https:\/\/api.w.org\/{rel}","templated":true}]}}