{"id":30,"date":"2022-11-23T14:45:05","date_gmt":"2022-11-23T14:45:05","guid":{"rendered":"https:\/\/royalgolftunisia.com\/?post_type=product&#038;p=30"},"modified":"2024-07-24T13:42:16","modified_gmt":"2024-07-24T13:42:16","slug":"sim-2","status":"publish","type":"product","link":"https:\/\/royalgolftunisia.com\/en\/product\/sim-2\/","title":{"rendered":"BOIS 5 SIM2 TI"},"content":{"rendered":"","protected":false},"excerpt":{"rendered":"<p><span data-sheets-value=\"{&quot;1&quot;:2,&quot;2&quot;:&quot;Le SIM2\u00a0offre des taux de spin plus faibles et un lancement moyen, ce qui le rend id\u00e9al pour les joueurs \u00e0 vitesse de swing \u00e9lev\u00e9e qui privil\u00e9gient la distance sans sacrifier la tol\u00e9rance. Le SIM2 Max est une t\u00eate de driver \u00e0 spin moyen-faible qui favorise un lancement plus \u00e9lev\u00e9 et produit une tol\u00e9rance maximale.1&quot;}\" data-sheets-userformat=\"{&quot;2&quot;:14781,&quot;3&quot;:{&quot;1&quot;:0,&quot;3&quot;:1},&quot;5&quot;:{&quot;1&quot;:[{&quot;1&quot;:2,&quot;2&quot;:0,&quot;5&quot;:{&quot;1&quot;:2,&quot;2&quot;:0}},{&quot;1&quot;:0,&quot;2&quot;:0,&quot;3&quot;:3},{&quot;1&quot;:1,&quot;2&quot;:0,&quot;4&quot;:1}]},&quot;6&quot;:{&quot;1&quot;:[{&quot;1&quot;:2,&quot;2&quot;:0,&quot;5&quot;:{&quot;1&quot;:2,&quot;2&quot;:0}},{&quot;1&quot;:0,&quot;2&quot;:0,&quot;3&quot;:3},{&quot;1&quot;:1,&quot;2&quot;:0,&quot;4&quot;:1}]},&quot;7&quot;:{&quot;1&quot;:[{&quot;1&quot;:2,&quot;2&quot;:0,&quot;5&quot;:{&quot;1&quot;:2,&quot;2&quot;:0}},{&quot;1&quot;:0,&quot;2&quot;:0,&quot;3&quot;:3},{&quot;1&quot;:1,&quot;2&quot;:0,&quot;4&quot;:1}]},&quot;8&quot;:{&quot;1&quot;:[{&quot;1&quot;:2,&quot;2&quot;:0,&quot;5&quot;:{&quot;1&quot;:2,&quot;2&quot;:0}},{&quot;1&quot;:0,&quot;2&quot;:0,&quot;3&quot;:3},{&quot;1&quot;:1,&quot;2&quot;:0,&quot;4&quot;:1}]},&quot;10&quot;:1,&quot;11&quot;:4,&quot;14&quot;:{&quot;1&quot;:2,&quot;2&quot;:2105636},&quot;15&quot;:&quot;Arial&quot;,&quot;16&quot;:8}\" data-sheets-textstyleruns=\"{&quot;1&quot;:0}\uee10{&quot;1&quot;:8,&quot;2&quot;:{&quot;2&quot;:{&quot;1&quot;:2,&quot;2&quot;:2105636},&quot;3&quot;:&quot;Arial&quot;,&quot;4&quot;:8,&quot;5&quot;:1}}\uee10{&quot;1&quot;:65,&quot;2&quot;:{&quot;2&quot;:{&quot;1&quot;:2,&quot;2&quot;:2105636},&quot;3&quot;:&quot;Arial&quot;,&quot;4&quot;:8}}\uee10{&quot;1&quot;:315,&quot;2&quot;:{&quot;2&quot;:{&quot;1&quot;:2,&quot;2&quot;:7370106},&quot;3&quot;:&quot;Arial&quot;,&quot;4&quot;:8}}\">Le SIM2\u00a0offre des taux de spin plus faibles et un lancement moyen, ce qui le rend id\u00e9al pour les joueurs \u00e0 vitesse de swing \u00e9lev\u00e9e qui privil\u00e9gient la distance sans sacrifier la tol\u00e9rance. Le SIM2 Max est une t\u00eate de driver \u00e0 spin moyen-faible qui favorise un lancement plus \u00e9lev\u00e9 et produit une tol\u00e9rance maximale.1<\/span><\/p>\n","protected":false},"featured_media":31,"comment_status":"open","ping_status":"closed","template":"","meta":{"_acf_changed":false,"_monsterinsights_skip_tracking":false,"_monsterinsights_sitenote_active":false,"_monsterinsights_sitenote_note":"","_monsterinsights_sitenote_category":0},"product_brand":[],"product_cat":[18],"product_tag":[],"class_list":{"0":"post-30","1":"product","2":"type-product","3":"status-publish","4":"has-post-thumbnail","6":"product_cat-bois-de-parcours","8":"first","9":"outofstock","10":"sale","11":"shipping-taxable","12":"purchasable","13":"product-type-simple"},"acf":[],"yoast_head":"<!-- This site is optimized with the Yoast SEO plugin v27.1.1 - https:\/\/yoast.com\/product\/yoast-seo-wordpress\/ -->\n<title>BOIS 5 SIM2 TI - Royal Golf Tunisia<\/title>\n<meta name=\"description\" content=\"Ce titanium ultra r\u00e9sistant offre une vitesse incroyablement rapide, con\u00e7u pour des performances in\u00e9dites et associ\u00e9 \u00e0 la Twist Face pour corriger les trajectoires lors des mauvais coups !\" \/>\n<meta name=\"robots\" content=\"index, follow, max-snippet:-1, max-image-preview:large, max-video-preview:-1\" \/>\n<link rel=\"canonical\" href=\"https:\/\/royalgolftunisia.com\/en\/product\/sim-2\/\" \/>\n<meta property=\"og:locale\" content=\"en_GB\" \/>\n<meta property=\"og:type\" content=\"article\" \/>\n<meta property=\"og:title\" content=\"BOIS 5 SIM2 TI - Royal Golf Tunisia\" \/>\n<meta property=\"og:description\" content=\"Ce titanium ultra r\u00e9sistant offre une vitesse incroyablement rapide, con\u00e7u pour des performances in\u00e9dites et associ\u00e9 \u00e0 la Twist Face pour corriger les trajectoires lors des mauvais coups !\" \/>\n<meta property=\"og:url\" content=\"https:\/\/royalgolftunisia.com\/en\/product\/sim-2\/\" \/>\n<meta property=\"og:site_name\" content=\"Royal Golf Tunisia\" \/>\n<meta property=\"article:modified_time\" content=\"2024-07-24T13:42:16+00:00\" \/>\n<meta property=\"og:image\" content=\"https:\/\/royalgolftunisia.com\/wp-content\/uploads\/2022\/11\/SIM_2_DRIVER-removebg-preview.png\" \/>\n\t<meta property=\"og:image:width\" content=\"508\" \/>\n\t<meta property=\"og:image:height\" content=\"491\" \/>\n\t<meta property=\"og:image:type\" content=\"image\/png\" \/>\n<meta name=\"twitter:card\" content=\"summary_large_image\" \/>\n<script type=\"application\/ld+json\" class=\"yoast-schema-graph\">{\"@context\":\"https:\/\/schema.org\",\"@graph\":[{\"@type\":\"WebPage\",\"@id\":\"https:\/\/royalgolftunisia.com\/product\/sim-2\/\",\"url\":\"https:\/\/royalgolftunisia.com\/product\/sim-2\/\",\"name\":\"BOIS 5 SIM2 TI - Royal Golf Tunisia\",\"isPartOf\":{\"@id\":\"https:\/\/royalgolftunisia.com\/#website\"},\"primaryImageOfPage\":{\"@id\":\"https:\/\/royalgolftunisia.com\/product\/sim-2\/#primaryimage\"},\"image\":{\"@id\":\"https:\/\/royalgolftunisia.com\/product\/sim-2\/#primaryimage\"},\"thumbnailUrl\":\"https:\/\/royalgolftunisia.com\/wp-content\/uploads\/2022\/11\/SIM_2_DRIVER-removebg-preview.png\",\"datePublished\":\"2022-11-23T14:45:05+00:00\",\"dateModified\":\"2024-07-24T13:42:16+00:00\",\"description\":\"Ce titanium ultra r\u00e9sistant offre une vitesse incroyablement rapide, con\u00e7u pour des performances in\u00e9dites et associ\u00e9 \u00e0 la Twist Face pour corriger les trajectoires lors des mauvais coups !\",\"breadcrumb\":{\"@id\":\"https:\/\/royalgolftunisia.com\/product\/sim-2\/#breadcrumb\"},\"inLanguage\":\"en-GB\",\"potentialAction\":[{\"@type\":\"ReadAction\",\"target\":[\"https:\/\/royalgolftunisia.com\/product\/sim-2\/\"]}]},{\"@type\":\"ImageObject\",\"inLanguage\":\"en-GB\",\"@id\":\"https:\/\/royalgolftunisia.com\/product\/sim-2\/#primaryimage\",\"url\":\"https:\/\/royalgolftunisia.com\/wp-content\/uploads\/2022\/11\/SIM_2_DRIVER-removebg-preview.png\",\"contentUrl\":\"https:\/\/royalgolftunisia.com\/wp-content\/uploads\/2022\/11\/SIM_2_DRIVER-removebg-preview.png\",\"width\":508,\"height\":491},{\"@type\":\"BreadcrumbList\",\"@id\":\"https:\/\/royalgolftunisia.com\/product\/sim-2\/#breadcrumb\",\"itemListElement\":[{\"@type\":\"ListItem\",\"position\":1,\"name\":\"Home\",\"item\":\"https:\/\/royalgolftunisia.com\/\"},{\"@type\":\"ListItem\",\"position\":2,\"name\":\"Boutique\",\"item\":\"https:\/\/royalgolftunisia.com\/shop\/\"},{\"@type\":\"ListItem\",\"position\":3,\"name\":\"BOIS 5 SIM2 TI\"}]},{\"@type\":\"WebSite\",\"@id\":\"https:\/\/royalgolftunisia.com\/#website\",\"url\":\"https:\/\/royalgolftunisia.com\/\",\"name\":\"Royal Golf Tunisia\",\"description\":\"Le seul rep\u00e9sentant Taylormade en Tunisie\",\"potentialAction\":[{\"@type\":\"SearchAction\",\"target\":{\"@type\":\"EntryPoint\",\"urlTemplate\":\"https:\/\/royalgolftunisia.com\/?s={search_term_string}\"},\"query-input\":{\"@type\":\"PropertyValueSpecification\",\"valueRequired\":true,\"valueName\":\"search_term_string\"}}],\"inLanguage\":\"en-GB\"}]}<\/script>\n<!-- \/ Yoast SEO plugin. -->","yoast_head_json":{"title":"BOIS 5 SIM2 TI - Royal Golf Tunisia","description":"Ce titanium ultra r\u00e9sistant offre une vitesse incroyablement rapide, con\u00e7u pour des performances in\u00e9dites et associ\u00e9 \u00e0 la Twist Face pour corriger les trajectoires lors des mauvais coups !","robots":{"index":"index","follow":"follow","max-snippet":"max-snippet:-1","max-image-preview":"max-image-preview:large","max-video-preview":"max-video-preview:-1"},"canonical":"https:\/\/royalgolftunisia.com\/en\/product\/sim-2\/","og_locale":"en_GB","og_type":"article","og_title":"BOIS 5 SIM2 TI - Royal Golf Tunisia","og_description":"Ce titanium ultra r\u00e9sistant offre une vitesse incroyablement rapide, con\u00e7u pour des performances in\u00e9dites et associ\u00e9 \u00e0 la Twist Face pour corriger les trajectoires lors des mauvais coups !","og_url":"https:\/\/royalgolftunisia.com\/en\/product\/sim-2\/","og_site_name":"Royal Golf Tunisia","article_modified_time":"2024-07-24T13:42:16+00:00","og_image":[{"width":508,"height":491,"url":"https:\/\/royalgolftunisia.com\/wp-content\/uploads\/2022\/11\/SIM_2_DRIVER-removebg-preview.png","type":"image\/png"}],"twitter_card":"summary_large_image","schema":{"@context":"https:\/\/schema.org","@graph":[{"@type":"WebPage","@id":"https:\/\/royalgolftunisia.com\/product\/sim-2\/","url":"https:\/\/royalgolftunisia.com\/product\/sim-2\/","name":"BOIS 5 SIM2 TI - Royal Golf Tunisia","isPartOf":{"@id":"https:\/\/royalgolftunisia.com\/#website"},"primaryImageOfPage":{"@id":"https:\/\/royalgolftunisia.com\/product\/sim-2\/#primaryimage"},"image":{"@id":"https:\/\/royalgolftunisia.com\/product\/sim-2\/#primaryimage"},"thumbnailUrl":"https:\/\/royalgolftunisia.com\/wp-content\/uploads\/2022\/11\/SIM_2_DRIVER-removebg-preview.png","datePublished":"2022-11-23T14:45:05+00:00","dateModified":"2024-07-24T13:42:16+00:00","description":"Ce titanium ultra r\u00e9sistant offre une vitesse incroyablement rapide, con\u00e7u pour des performances in\u00e9dites et associ\u00e9 \u00e0 la Twist Face pour corriger les trajectoires lors des mauvais coups !","breadcrumb":{"@id":"https:\/\/royalgolftunisia.com\/product\/sim-2\/#breadcrumb"},"inLanguage":"en-GB","potentialAction":[{"@type":"ReadAction","target":["https:\/\/royalgolftunisia.com\/product\/sim-2\/"]}]},{"@type":"ImageObject","inLanguage":"en-GB","@id":"https:\/\/royalgolftunisia.com\/product\/sim-2\/#primaryimage","url":"https:\/\/royalgolftunisia.com\/wp-content\/uploads\/2022\/11\/SIM_2_DRIVER-removebg-preview.png","contentUrl":"https:\/\/royalgolftunisia.com\/wp-content\/uploads\/2022\/11\/SIM_2_DRIVER-removebg-preview.png","width":508,"height":491},{"@type":"BreadcrumbList","@id":"https:\/\/royalgolftunisia.com\/product\/sim-2\/#breadcrumb","itemListElement":[{"@type":"ListItem","position":1,"name":"Home","item":"https:\/\/royalgolftunisia.com\/"},{"@type":"ListItem","position":2,"name":"Boutique","item":"https:\/\/royalgolftunisia.com\/shop\/"},{"@type":"ListItem","position":3,"name":"BOIS 5 SIM2 TI"}]},{"@type":"WebSite","@id":"https:\/\/royalgolftunisia.com\/#website","url":"https:\/\/royalgolftunisia.com\/","name":"Royal Golf Tunisia","description":"Le seul rep\u00e9sentant Taylormade en Tunisie","potentialAction":[{"@type":"SearchAction","target":{"@type":"EntryPoint","urlTemplate":"https:\/\/royalgolftunisia.com\/?s={search_term_string}"},"query-input":{"@type":"PropertyValueSpecification","valueRequired":true,"valueName":"search_term_string"}}],"inLanguage":"en-GB"}]}},"_links":{"self":[{"href":"https:\/\/royalgolftunisia.com\/en\/wp-json\/wp\/v2\/product\/30","targetHints":{"allow":["GET"]}}],"collection":[{"href":"https:\/\/royalgolftunisia.com\/en\/wp-json\/wp\/v2\/product"}],"about":[{"href":"https:\/\/royalgolftunisia.com\/en\/wp-json\/wp\/v2\/types\/product"}],"replies":[{"embeddable":true,"href":"https:\/\/royalgolftunisia.com\/en\/wp-json\/wp\/v2\/comments?post=30"}],"wp:featuredmedia":[{"embeddable":true,"href":"https:\/\/royalgolftunisia.com\/en\/wp-json\/wp\/v2\/media\/31"}],"wp:attachment":[{"href":"https:\/\/royalgolftunisia.com\/en\/wp-json\/wp\/v2\/media?parent=30"}],"wp:term":[{"taxonomy":"product_brand","embeddable":true,"href":"https:\/\/royalgolftunisia.com\/en\/wp-json\/wp\/v2\/product_brand?post=30"},{"taxonomy":"product_cat","embeddable":true,"href":"https:\/\/royalgolftunisia.com\/en\/wp-json\/wp\/v2\/product_cat?post=30"},{"taxonomy":"product_tag","embeddable":true,"href":"https:\/\/royalgolftunisia.com\/en\/wp-json\/wp\/v2\/product_tag?post=30"}],"curies":[{"name":"wp","href":"https:\/\/api.w.org\/{rel}","templated":true}]}}