{"id":1123,"date":"2025-08-20T12:24:57","date_gmt":"2025-08-20T12:24:57","guid":{"rendered":"https:\/\/royalgolftunisia.com\/?post_type=product&#038;p=1123"},"modified":"2025-09-30T08:37:42","modified_gmt":"2025-09-30T08:37:42","slug":"serie-complete-qi35","status":"publish","type":"product","link":"https:\/\/royalgolftunisia.com\/en\/product\/serie-complete-qi35\/","title":{"rendered":"SERIE COMPLETE QI35"},"content":{"rendered":"<p>S\u00e9rie de fers Qi: La plupart des fers &#8220;game improvement&#8221; sont con\u00e7us de mani\u00e8re \u00e0 accentuer le slice. Les fers Qi utilisent une technologie brevet\u00e9e de face TaylorMade con\u00e7ue pour contr\u00f4ler la flexibilit\u00e9 de la face et r\u00e9duire le spin lat\u00e9ral pour des trajectoires plus droites sur toute la s\u00e9rie. Chaque fer est con\u00e7u pour d\u00e9livrer des performances sp\u00e9cifiques : distance et tol\u00e9rance maximales, avec un design de face adapt\u00e9 pour optimiser lancement et spin.FLTD CG \u2013 Positionnement strat\u00e9gique du centre de gravit\u00e9 : plus bas sur les longs fers pour un meilleur lancement et progressivement plus haut sur les wedges pour plus de contr\u00f4le et de pr\u00e9cision. Forme des fers Qi con\u00e7ue pour favoriser un contact r\u00e9gulier et une zone de tol\u00e9rance \u00e9largie. Longueur de lame augment\u00e9e pour plus de tol\u00e9rance, et bord d\u2019attaque redessin\u00e9 pour des coups plus constants avec un meilleur lancement.<\/p>\n<p>&nbsp;<\/p>\n<p>&nbsp;<\/p>","protected":false},"excerpt":{"rendered":"<p>L\u2019ensemble complet comprend<\/p>\n<p>Driver Qi35 10.5\u00b0 RH R<\/p>\n<p>Bois 3 Qi35 RH R<\/p>\n<p>Hybride 4 Qi35 RH R<\/p>\n<p>S\u00e9rie de fers Qi 5-P,S (shafts Graphite) RH R<\/p>\n<p>Sac chariot TaylorMade ProCart Gris<\/p>","protected":false},"featured_media":1124,"comment_status":"open","ping_status":"closed","template":"","meta":{"_acf_changed":false,"_monsterinsights_skip_tracking":false,"_monsterinsights_sitenote_active":false,"_monsterinsights_sitenote_note":"","_monsterinsights_sitenote_category":0},"product_brand":[],"product_cat":[16,29],"product_tag":[69],"class_list":{"0":"post-1123","1":"product","2":"type-product","3":"status-publish","4":"has-post-thumbnail","6":"product_cat-clubs","7":"product_cat-kit-series-adultes","8":"product_tag-promotion","10":"first","11":"instock","12":"sale","13":"featured","14":"sold-individually","15":"shipping-taxable","16":"purchasable","17":"product-type-simple"},"acf":[],"yoast_head":"<!-- This site is optimized with the Yoast SEO plugin v27.1.1 - https:\/\/yoast.com\/product\/yoast-seo-wordpress\/ -->\n<title>SERIE COMPLETE QI35 - Royal Golf Tunisia<\/title>\n<meta name=\"description\" content=\"Le Qi35 est con\u00e7u pour offrir aux golfeurs plus de distance sur une plus grande partie du visage tout en maintenant une tol\u00e9rance maximale gr\u00e2ce \u00e0 des conceptions \u00e0 MOI \u00e9lev\u00e9.\" \/>\n<meta name=\"robots\" content=\"index, follow, max-snippet:-1, max-image-preview:large, max-video-preview:-1\" \/>\n<link rel=\"canonical\" href=\"https:\/\/royalgolftunisia.com\/en\/product\/serie-complete-qi35\/\" \/>\n<meta property=\"og:locale\" content=\"en_GB\" \/>\n<meta property=\"og:type\" content=\"article\" \/>\n<meta property=\"og:title\" content=\"SERIE COMPLETE QI35 - Royal Golf Tunisia\" \/>\n<meta property=\"og:description\" content=\"Le Qi35 est con\u00e7u pour offrir aux golfeurs plus de distance sur une plus grande partie du visage tout en maintenant une tol\u00e9rance maximale gr\u00e2ce \u00e0 des conceptions \u00e0 MOI \u00e9lev\u00e9.\" \/>\n<meta property=\"og:url\" content=\"https:\/\/royalgolftunisia.com\/en\/product\/serie-complete-qi35\/\" \/>\n<meta property=\"og:site_name\" content=\"Royal Golf Tunisia\" \/>\n<meta property=\"article:modified_time\" content=\"2025-09-30T08:37:42+00:00\" \/>\n<meta property=\"og:image\" content=\"https:\/\/royalgolftunisia.com\/wp-content\/uploads\/2025\/08\/g_taylormade-qi35-max-full-set.jpg\" \/>\n\t<meta property=\"og:image:width\" content=\"800\" \/>\n\t<meta property=\"og:image:height\" content=\"800\" \/>\n\t<meta property=\"og:image:type\" content=\"image\/jpeg\" \/>\n<meta name=\"twitter:card\" content=\"summary_large_image\" \/>\n<meta name=\"twitter:label1\" content=\"Estimated reading time\" \/>\n\t<meta name=\"twitter:data1\" content=\"1 minute\" \/>\n<script type=\"application\/ld+json\" class=\"yoast-schema-graph\">{\"@context\":\"https:\/\/schema.org\",\"@graph\":[{\"@type\":\"WebPage\",\"@id\":\"https:\/\/royalgolftunisia.com\/product\/serie-complete-qi35\/\",\"url\":\"https:\/\/royalgolftunisia.com\/product\/serie-complete-qi35\/\",\"name\":\"SERIE COMPLETE QI35 - Royal Golf Tunisia\",\"isPartOf\":{\"@id\":\"https:\/\/royalgolftunisia.com\/#website\"},\"primaryImageOfPage\":{\"@id\":\"https:\/\/royalgolftunisia.com\/product\/serie-complete-qi35\/#primaryimage\"},\"image\":{\"@id\":\"https:\/\/royalgolftunisia.com\/product\/serie-complete-qi35\/#primaryimage\"},\"thumbnailUrl\":\"https:\/\/royalgolftunisia.com\/wp-content\/uploads\/2025\/08\/g_taylormade-qi35-max-full-set.jpg\",\"datePublished\":\"2025-08-20T12:24:57+00:00\",\"dateModified\":\"2025-09-30T08:37:42+00:00\",\"description\":\"Le Qi35 est con\u00e7u pour offrir aux golfeurs plus de distance sur une plus grande partie du visage tout en maintenant une tol\u00e9rance maximale gr\u00e2ce \u00e0 des conceptions \u00e0 MOI \u00e9lev\u00e9.\",\"breadcrumb\":{\"@id\":\"https:\/\/royalgolftunisia.com\/product\/serie-complete-qi35\/#breadcrumb\"},\"inLanguage\":\"en-GB\",\"potentialAction\":[{\"@type\":\"ReadAction\",\"target\":[\"https:\/\/royalgolftunisia.com\/product\/serie-complete-qi35\/\"]}]},{\"@type\":\"ImageObject\",\"inLanguage\":\"en-GB\",\"@id\":\"https:\/\/royalgolftunisia.com\/product\/serie-complete-qi35\/#primaryimage\",\"url\":\"https:\/\/royalgolftunisia.com\/wp-content\/uploads\/2025\/08\/g_taylormade-qi35-max-full-set.jpg\",\"contentUrl\":\"https:\/\/royalgolftunisia.com\/wp-content\/uploads\/2025\/08\/g_taylormade-qi35-max-full-set.jpg\",\"width\":800,\"height\":800},{\"@type\":\"BreadcrumbList\",\"@id\":\"https:\/\/royalgolftunisia.com\/product\/serie-complete-qi35\/#breadcrumb\",\"itemListElement\":[{\"@type\":\"ListItem\",\"position\":1,\"name\":\"Home\",\"item\":\"https:\/\/royalgolftunisia.com\/\"},{\"@type\":\"ListItem\",\"position\":2,\"name\":\"Boutique\",\"item\":\"https:\/\/royalgolftunisia.com\/shop\/\"},{\"@type\":\"ListItem\",\"position\":3,\"name\":\"SERIE COMPLETE QI35\"}]},{\"@type\":\"WebSite\",\"@id\":\"https:\/\/royalgolftunisia.com\/#website\",\"url\":\"https:\/\/royalgolftunisia.com\/\",\"name\":\"Royal Golf Tunisia\",\"description\":\"Le seul rep\u00e9sentant Taylormade en Tunisie\",\"potentialAction\":[{\"@type\":\"SearchAction\",\"target\":{\"@type\":\"EntryPoint\",\"urlTemplate\":\"https:\/\/royalgolftunisia.com\/?s={search_term_string}\"},\"query-input\":{\"@type\":\"PropertyValueSpecification\",\"valueRequired\":true,\"valueName\":\"search_term_string\"}}],\"inLanguage\":\"en-GB\"}]}<\/script>\n<!-- \/ Yoast SEO plugin. -->","yoast_head_json":{"title":"SERIE COMPLETE QI35 - Royal Golf Tunisia","description":"Le Qi35 est con\u00e7u pour offrir aux golfeurs plus de distance sur une plus grande partie du visage tout en maintenant une tol\u00e9rance maximale gr\u00e2ce \u00e0 des conceptions \u00e0 MOI \u00e9lev\u00e9.","robots":{"index":"index","follow":"follow","max-snippet":"max-snippet:-1","max-image-preview":"max-image-preview:large","max-video-preview":"max-video-preview:-1"},"canonical":"https:\/\/royalgolftunisia.com\/en\/product\/serie-complete-qi35\/","og_locale":"en_GB","og_type":"article","og_title":"SERIE COMPLETE QI35 - Royal Golf Tunisia","og_description":"Le Qi35 est con\u00e7u pour offrir aux golfeurs plus de distance sur une plus grande partie du visage tout en maintenant une tol\u00e9rance maximale gr\u00e2ce \u00e0 des conceptions \u00e0 MOI \u00e9lev\u00e9.","og_url":"https:\/\/royalgolftunisia.com\/en\/product\/serie-complete-qi35\/","og_site_name":"Royal Golf Tunisia","article_modified_time":"2025-09-30T08:37:42+00:00","og_image":[{"width":800,"height":800,"url":"https:\/\/royalgolftunisia.com\/wp-content\/uploads\/2025\/08\/g_taylormade-qi35-max-full-set.jpg","type":"image\/jpeg"}],"twitter_card":"summary_large_image","twitter_misc":{"Estimated reading time":"1 minute"},"schema":{"@context":"https:\/\/schema.org","@graph":[{"@type":"WebPage","@id":"https:\/\/royalgolftunisia.com\/product\/serie-complete-qi35\/","url":"https:\/\/royalgolftunisia.com\/product\/serie-complete-qi35\/","name":"SERIE COMPLETE QI35 - Royal Golf Tunisia","isPartOf":{"@id":"https:\/\/royalgolftunisia.com\/#website"},"primaryImageOfPage":{"@id":"https:\/\/royalgolftunisia.com\/product\/serie-complete-qi35\/#primaryimage"},"image":{"@id":"https:\/\/royalgolftunisia.com\/product\/serie-complete-qi35\/#primaryimage"},"thumbnailUrl":"https:\/\/royalgolftunisia.com\/wp-content\/uploads\/2025\/08\/g_taylormade-qi35-max-full-set.jpg","datePublished":"2025-08-20T12:24:57+00:00","dateModified":"2025-09-30T08:37:42+00:00","description":"Le Qi35 est con\u00e7u pour offrir aux golfeurs plus de distance sur une plus grande partie du visage tout en maintenant une tol\u00e9rance maximale gr\u00e2ce \u00e0 des conceptions \u00e0 MOI \u00e9lev\u00e9.","breadcrumb":{"@id":"https:\/\/royalgolftunisia.com\/product\/serie-complete-qi35\/#breadcrumb"},"inLanguage":"en-GB","potentialAction":[{"@type":"ReadAction","target":["https:\/\/royalgolftunisia.com\/product\/serie-complete-qi35\/"]}]},{"@type":"ImageObject","inLanguage":"en-GB","@id":"https:\/\/royalgolftunisia.com\/product\/serie-complete-qi35\/#primaryimage","url":"https:\/\/royalgolftunisia.com\/wp-content\/uploads\/2025\/08\/g_taylormade-qi35-max-full-set.jpg","contentUrl":"https:\/\/royalgolftunisia.com\/wp-content\/uploads\/2025\/08\/g_taylormade-qi35-max-full-set.jpg","width":800,"height":800},{"@type":"BreadcrumbList","@id":"https:\/\/royalgolftunisia.com\/product\/serie-complete-qi35\/#breadcrumb","itemListElement":[{"@type":"ListItem","position":1,"name":"Home","item":"https:\/\/royalgolftunisia.com\/"},{"@type":"ListItem","position":2,"name":"Boutique","item":"https:\/\/royalgolftunisia.com\/shop\/"},{"@type":"ListItem","position":3,"name":"SERIE COMPLETE QI35"}]},{"@type":"WebSite","@id":"https:\/\/royalgolftunisia.com\/#website","url":"https:\/\/royalgolftunisia.com\/","name":"Royal Golf Tunisia","description":"Le seul rep\u00e9sentant Taylormade en Tunisie","potentialAction":[{"@type":"SearchAction","target":{"@type":"EntryPoint","urlTemplate":"https:\/\/royalgolftunisia.com\/?s={search_term_string}"},"query-input":{"@type":"PropertyValueSpecification","valueRequired":true,"valueName":"search_term_string"}}],"inLanguage":"en-GB"}]}},"_links":{"self":[{"href":"https:\/\/royalgolftunisia.com\/en\/wp-json\/wp\/v2\/product\/1123","targetHints":{"allow":["GET"]}}],"collection":[{"href":"https:\/\/royalgolftunisia.com\/en\/wp-json\/wp\/v2\/product"}],"about":[{"href":"https:\/\/royalgolftunisia.com\/en\/wp-json\/wp\/v2\/types\/product"}],"replies":[{"embeddable":true,"href":"https:\/\/royalgolftunisia.com\/en\/wp-json\/wp\/v2\/comments?post=1123"}],"wp:featuredmedia":[{"embeddable":true,"href":"https:\/\/royalgolftunisia.com\/en\/wp-json\/wp\/v2\/media\/1124"}],"wp:attachment":[{"href":"https:\/\/royalgolftunisia.com\/en\/wp-json\/wp\/v2\/media?parent=1123"}],"wp:term":[{"taxonomy":"product_brand","embeddable":true,"href":"https:\/\/royalgolftunisia.com\/en\/wp-json\/wp\/v2\/product_brand?post=1123"},{"taxonomy":"product_cat","embeddable":true,"href":"https:\/\/royalgolftunisia.com\/en\/wp-json\/wp\/v2\/product_cat?post=1123"},{"taxonomy":"product_tag","embeddable":true,"href":"https:\/\/royalgolftunisia.com\/en\/wp-json\/wp\/v2\/product_tag?post=1123"}],"curies":[{"name":"wp","href":"https:\/\/api.w.org\/{rel}","templated":true}]}}